{"id":13020,"date":"2025-04-04T17:01:57","date_gmt":"2025-04-04T15:01:57","guid":{"rendered":"https:\/\/www.antares-honfleur.com\/?page_id=13020"},"modified":"2025-04-04T17:08:35","modified_gmt":"2025-04-04T15:08:35","slug":"actualites","status":"publish","type":"page","link":"https:\/\/www.antares-honfleur.com\/fr\/actualites\/","title":{"rendered":"Actualit\u00e9s"},"content":{"rendered":"\t\t<div data-elementor-type=\"wp-page\" data-elementor-id=\"13020\" class=\"elementor elementor-13020\" data-elementor-post-type=\"page\">\n\t\t\t\t\t\t<section data-dce-background-image-url=\"https:\/\/www.antares-honfleur.com\/wp-content\/uploads\/2024\/02\/65ANTARES-TRI22-094461-1-min-1.jpeg\" class=\"elementor-section elementor-top-section elementor-element elementor-element-7651849 elementor-section-height-min-height elementor-section-boxed elementor-section-height-default elementor-section-items-middle\" data-id=\"7651849\" data-element_type=\"section\" data-e-type=\"section\" data-settings=\"{&quot;background_background&quot;:&quot;classic&quot;}\">\n\t\t\t\t\t\t\t<div class=\" elementor-background-overlay lazyelementorbackgroundimages \"><\/div>\n\t\t\t\t\t\t\t<div class=\"elementor-container elementor-column-gap-default\">\n\t\t\t\t\t<div class=\"elementor-column elementor-col-100 elementor-top-column elementor-element elementor-element-fc870d1\" data-id=\"fc870d1\" data-element_type=\"column\" data-e-type=\"column\">\n\t\t\t<div class=\"elementor-widget-wrap elementor-element-populated\">\n\t\t\t\t\t\t\t<\/div>\n\t\t<\/div>\n\t\t\t\t\t<\/div>\n\t\t<\/section>\n\t\t\t\t<section class=\"elementor-section elementor-top-section elementor-element elementor-element-316421e elementor-section-boxed elementor-section-height-default elementor-section-height-default\" data-id=\"316421e\" data-element_type=\"section\" data-e-type=\"section\">\n\t\t\t\t\t\t<div class=\"elementor-container elementor-column-gap-default\">\n\t\t\t\t\t<div class=\"elementor-column elementor-col-100 elementor-top-column elementor-element elementor-element-81a87f7\" data-id=\"81a87f7\" data-element_type=\"column\" data-e-type=\"column\">\n\t\t\t<div class=\"elementor-widget-wrap elementor-element-populated\">\n\t\t\t\t\t\t<div class=\"elementor-element elementor-element-2e9a6b3 elementor-grid-1 elementor-grid-tablet-1 elementor-posts--thumbnail-top elementor-grid-mobile-1 elementor-widget elementor-widget-posts\" data-id=\"2e9a6b3\" data-element_type=\"widget\" data-e-type=\"widget\" data-settings=\"{&quot;custom_alternating_templates&quot;:&quot;yes&quot;,&quot;custom_columns&quot;:&quot;1&quot;,&quot;custom_row_gap&quot;:{&quot;unit&quot;:&quot;px&quot;,&quot;size&quot;:0,&quot;sizes&quot;:[]},&quot;custom_columns_tablet&quot;:&quot;1&quot;,&quot;custom_columns_mobile&quot;:&quot;1&quot;,&quot;custom_row_gap_tablet&quot;:{&quot;unit&quot;:&quot;px&quot;,&quot;size&quot;:&quot;&quot;,&quot;sizes&quot;:[]},&quot;custom_row_gap_mobile&quot;:{&quot;unit&quot;:&quot;px&quot;,&quot;size&quot;:&quot;&quot;,&quot;sizes&quot;:[]}}\" data-widget_type=\"posts.custom\">\n\t\t\t\t<div class=\"elementor-widget-container\">\n\t\t\t\t\t      <div class=\"ecs-posts elementor-posts-container elementor-posts   elementor-grid elementor-posts--skin-custom\" data-settings=\"{&quot;current_page&quot;:1,&quot;max_num_pages&quot;:1,&quot;load_method&quot;:&quot;&quot;,&quot;widget_id&quot;:&quot;2e9a6b3&quot;,&quot;post_id&quot;:13020,&quot;theme_id&quot;:13020,&quot;change_url&quot;:false,&quot;reinit_js&quot;:false}\">\n      \t\t<article id=\"post-12999\" class=\"elementor-post elementor-grid-item ecs-post-loop post-12999 post type-post status-publish format-standard has-post-thumbnail hentry category-nos-offres\">\n\t\t\t\t<div data-elementor-type=\"loop\" data-elementor-id=\"13022\" class=\"elementor elementor-13022 post-12999 post type-post status-publish format-standard has-post-thumbnail hentry category-nos-offres\" data-elementor-post-type=\"elementor_library\">\n\t\t\t\t\t<section class=\"elementor-section elementor-top-section elementor-element elementor-element-2b81fed elementor-section-content-middle elementor-section-boxed elementor-section-height-default elementor-section-height-default\" data-id=\"2b81fed\" data-element_type=\"section\" data-e-type=\"section\">\n\t\t\t\t\t\t<div class=\"elementor-container elementor-column-gap-default\">\n\t\t\t\t\t<div class=\"elementor-column elementor-col-50 elementor-top-column elementor-element elementor-element-1c47ed2\" data-id=\"1c47ed2\" data-element_type=\"column\" data-e-type=\"column\" data-settings=\"{&quot;background_background&quot;:&quot;classic&quot;}\">\n\t\t\t<div class=\"elementor-widget-wrap elementor-element-populated\">\n\t\t\t\t\t\t<div class=\"elementor-element elementor-element-1a8d06b elementor-widget elementor-widget-heading\" data-id=\"1a8d06b\" data-element_type=\"widget\" data-e-type=\"widget\" data-widget_type=\"heading.default\">\n\t\t\t\t<div class=\"elementor-widget-container\">\n\t\t\t\t\t<h2 class=\"elementor-heading-title elementor-size-default\">Massages \u00e0 Honfleur : Offrez-vous une parenth\u00e8se de bien-\u00eatre \u00e0 l\u2019H\u00f4tel Antar\u00e8s<\/h2>\t\t\t\t<\/div>\n\t\t\t\t<\/div>\n\t\t\t\t<div class=\"elementor-element elementor-element-e0c8474 elementor-widget elementor-widget-text-editor\" data-id=\"e0c8474\" data-element_type=\"widget\" data-e-type=\"widget\" data-widget_type=\"text-editor.default\">\n\t\t\t\t<div class=\"elementor-widget-container\">\n\t\t\t\t\t\t\t\t\t<p>Vous r\u00eavez d\u2019un moment de d\u00e9tente dans un cadre paisible et raffin\u00e9 ? Tout proche de la charmante ville de&#8230;\t\t\t\t\t\t\t\t<\/div>\n\t\t\t\t<\/div>\n\t\t\t\t<div class=\"elementor-element elementor-element-03b2a5f elementor-widget elementor-widget-button\" data-id=\"03b2a5f\" data-element_type=\"widget\" data-e-type=\"widget\" data-widget_type=\"button.default\">\n\t\t\t\t<div class=\"elementor-widget-container\">\n\t\t\t\t\t\t\t\t\t<div class=\"elementor-button-wrapper\">\n\t\t\t\t\t<a class=\"elementor-button elementor-button-link elementor-size-sm\" href=\"https:\/\/www.antares-honfleur.com\/fr\/massages-honfleur-bien-etre-hotel-antares\/\">\n\t\t\t\t\t\t<span class=\"elementor-button-content-wrapper\">\n\t\t\t\t\t\t\t\t\t<span class=\"elementor-button-text\">En savoir plus<\/span>\n\t\t\t\t\t<\/span>\n\t\t\t\t\t<\/a>\n\t\t\t\t<\/div>\n\t\t\t\t\t\t\t\t<\/div>\n\t\t\t\t<\/div>\n\t\t\t\t\t<\/div>\n\t\t<\/div>\n\t\t\t\t<div class=\"elementor-column elementor-col-50 elementor-top-column elementor-element elementor-element-da409a7\" data-id=\"da409a7\" data-element_type=\"column\" data-e-type=\"column\">\n\t\t\t<div class=\"elementor-widget-wrap elementor-element-populated\">\n\t\t\t\t\t\t<div class=\"elementor-element elementor-element-2c9803e elementor-widget elementor-widget-image\" data-id=\"2c9803e\" data-element_type=\"widget\" data-e-type=\"widget\" data-widget_type=\"image.default\">\n\t\t\t\t<div class=\"elementor-widget-container\">\n\t\t\t\t\t\t\t\t\t\t\t\t\t\t\t\t<a href=\"https:\/\/www.antares-honfleur.com\/fr\/massages-honfleur-bien-etre-hotel-antares\/\">\n\t\t\t\t\t\t\t<img decoding=\"async\" width=\"1200\" height=\"801\" src=\"https:\/\/www.antares-honfleur.com\/wp-content\/uploads\/2025\/04\/soin-visage-spa-hotel-antares-honfleur.webp\" class=\"elementor-animation-grow attachment-full size-full wp-image-14992\" alt=\"Soin visage relaxant au spa de l\u2019H\u00f4tel Antares Honfleur\" srcset=\"https:\/\/www.antares-honfleur.com\/wp-content\/uploads\/2025\/04\/soin-visage-spa-hotel-antares-honfleur.webp 1200w, https:\/\/www.antares-honfleur.com\/wp-content\/uploads\/2025\/04\/soin-visage-spa-hotel-antares-honfleur-300x200.webp 300w, https:\/\/www.antares-honfleur.com\/wp-content\/uploads\/2025\/04\/soin-visage-spa-hotel-antares-honfleur-1024x684.webp 1024w, https:\/\/www.antares-honfleur.com\/wp-content\/uploads\/2025\/04\/soin-visage-spa-hotel-antares-honfleur-768x513.webp 768w\" sizes=\"(max-width: 1200px) 100vw, 1200px\" \/>\t\t\t\t\t\t\t\t<\/a>\n\t\t\t\t\t\t\t\t\t\t\t\t\t\t\t<\/div>\n\t\t\t\t<\/div>\n\t\t\t\t\t<\/div>\n\t\t<\/div>\n\t\t\t\t\t<\/div>\n\t\t<\/section>\n\t\t\t\t<\/div>\n\t\t\t\t<\/article>\n\t\t\t\t<article id=\"post-15711\" class=\"elementor-post elementor-grid-item ecs-post-loop post-15711 post type-post status-publish format-standard has-post-thumbnail hentry category-blog\">\n\t\t\t\t<div data-elementor-type=\"loop\" data-elementor-id=\"13026\" class=\"elementor elementor-13026 post-15711 post type-post status-publish format-standard has-post-thumbnail hentry category-blog\" data-elementor-post-type=\"elementor_library\">\n\t\t\t\t\t<section class=\"elementor-section elementor-top-section elementor-element elementor-element-ec2596f elementor-section-content-middle elementor-reverse-mobile elementor-section-boxed elementor-section-height-default elementor-section-height-default\" data-id=\"ec2596f\" data-element_type=\"section\" data-e-type=\"section\">\n\t\t\t\t\t\t<div class=\"elementor-container elementor-column-gap-default\">\n\t\t\t\t\t<div class=\"elementor-column elementor-col-50 elementor-top-column elementor-element elementor-element-e44a5d9\" data-id=\"e44a5d9\" data-element_type=\"column\" data-e-type=\"column\">\n\t\t\t<div class=\"elementor-widget-wrap elementor-element-populated\">\n\t\t\t\t\t\t<div class=\"elementor-element elementor-element-b590b77 elementor-widget elementor-widget-image\" data-id=\"b590b77\" data-element_type=\"widget\" data-e-type=\"widget\" data-widget_type=\"image.default\">\n\t\t\t\t<div class=\"elementor-widget-container\">\n\t\t\t\t\t\t\t\t\t\t\t\t\t\t\t\t<a href=\"https:\/\/www.antares-honfleur.com\/fr\/hotel-avec-parking-prive-gratuit-antares-honfleur\/\">\n\t\t\t\t\t\t\t<img decoding=\"async\" width=\"800\" height=\"284\" src=\"https:\/\/www.antares-honfleur.com\/wp-content\/uploads\/2023\/04\/hotel-antares-honfleur-normandie-terrasse-parking-1024x364.webp\" class=\"elementor-animation-grow attachment-large size-large wp-image-15747\" alt=\"Terrasse de l&#039;H\u00f4tel Antar\u00e8s Honfleur avec vue sur la Normandie\" srcset=\"https:\/\/www.antares-honfleur.com\/wp-content\/uploads\/2023\/04\/hotel-antares-honfleur-normandie-terrasse-parking-1024x364.webp 1024w, https:\/\/www.antares-honfleur.com\/wp-content\/uploads\/2023\/04\/hotel-antares-honfleur-normandie-terrasse-parking-300x107.webp 300w, https:\/\/www.antares-honfleur.com\/wp-content\/uploads\/2023\/04\/hotel-antares-honfleur-normandie-terrasse-parking-768x273.webp 768w, https:\/\/www.antares-honfleur.com\/wp-content\/uploads\/2023\/04\/hotel-antares-honfleur-normandie-terrasse-parking-1536x546.webp 1536w, https:\/\/www.antares-honfleur.com\/wp-content\/uploads\/2023\/04\/hotel-antares-honfleur-normandie-terrasse-parking.webp 1920w\" sizes=\"(max-width: 800px) 100vw, 800px\" \/>\t\t\t\t\t\t\t\t<\/a>\n\t\t\t\t\t\t\t\t\t\t\t\t\t\t\t<\/div>\n\t\t\t\t<\/div>\n\t\t\t\t\t<\/div>\n\t\t<\/div>\n\t\t\t\t<div class=\"elementor-column elementor-col-50 elementor-top-column elementor-element elementor-element-e86c0d7\" data-id=\"e86c0d7\" data-element_type=\"column\" data-e-type=\"column\" data-settings=\"{&quot;background_background&quot;:&quot;classic&quot;}\">\n\t\t\t<div class=\"elementor-widget-wrap elementor-element-populated\">\n\t\t\t\t\t\t<div class=\"elementor-element elementor-element-9f3d954 elementor-widget elementor-widget-heading\" data-id=\"9f3d954\" data-element_type=\"widget\" data-e-type=\"widget\" data-widget_type=\"heading.default\">\n\t\t\t\t<div class=\"elementor-widget-container\">\n\t\t\t\t\t<h2 class=\"elementor-heading-title elementor-size-default\">H\u00f4tel avec parking \u00e0 Honfleur &#8211; Parking priv\u00e9 gratuit \u00e0 l\u2019Antar\u00e8s<\/h2>\t\t\t\t<\/div>\n\t\t\t\t<\/div>\n\t\t\t\t<div class=\"elementor-element elementor-element-80ea059 elementor-widget elementor-widget-text-editor\" data-id=\"80ea059\" data-element_type=\"widget\" data-e-type=\"widget\" data-widget_type=\"text-editor.default\">\n\t\t\t\t<div class=\"elementor-widget-container\">\n\t\t\t\t\t\t\t\t\t<p>Vous cherchez un h\u00f4tel avec parking \u00e0 Honfleur pour votre s\u00e9jour en Normandie ? L&rsquo;h\u00f4tel Antar\u00e8s &amp; Spa met \u00e0..\t\t\t\t\t\t\t\t<\/div>\n\t\t\t\t<\/div>\n\t\t\t\t<div class=\"elementor-element elementor-element-3e6b6a4 elementor-widget elementor-widget-button\" data-id=\"3e6b6a4\" data-element_type=\"widget\" data-e-type=\"widget\" data-widget_type=\"button.default\">\n\t\t\t\t<div class=\"elementor-widget-container\">\n\t\t\t\t\t\t\t\t\t<div class=\"elementor-button-wrapper\">\n\t\t\t\t\t<a class=\"elementor-button elementor-button-link elementor-size-sm\" href=\"https:\/\/www.antares-honfleur.com\/fr\/hotel-avec-parking-prive-gratuit-antares-honfleur\/\">\n\t\t\t\t\t\t<span class=\"elementor-button-content-wrapper\">\n\t\t\t\t\t\t\t\t\t<span class=\"elementor-button-text\">En savoir plus<\/span>\n\t\t\t\t\t<\/span>\n\t\t\t\t\t<\/a>\n\t\t\t\t<\/div>\n\t\t\t\t\t\t\t\t<\/div>\n\t\t\t\t<\/div>\n\t\t\t\t\t<\/div>\n\t\t<\/div>\n\t\t\t\t\t<\/div>\n\t\t<\/section>\n\t\t\t\t<\/div>\n\t\t\t\t<\/article>\n\t\t\t\t<\/div>\n\t\t\t\t\t\t<\/div>\n\t\t\t\t<\/div>\n\t\t\t\t\t<\/div>\n\t\t<\/div>\n\t\t\t\t\t<\/div>\n\t\t<\/section>\n\t\t\t\t<\/div>\n\t\t","protected":false},"excerpt":{"rendered":"","protected":false},"author":8,"featured_media":11425,"parent":0,"menu_order":0,"comment_status":"closed","ping_status":"closed","template":"","meta":{"_acf_changed":false,"footnotes":""},"class_list":["post-13020","page","type-page","status-publish","has-post-thumbnail","hentry"],"acf":[],"_links":{"self":[{"href":"https:\/\/www.antares-honfleur.com\/fr\/wp-json\/wp\/v2\/pages\/13020","targetHints":{"allow":["GET"]}}],"collection":[{"href":"https:\/\/www.antares-honfleur.com\/fr\/wp-json\/wp\/v2\/pages"}],"about":[{"href":"https:\/\/www.antares-honfleur.com\/fr\/wp-json\/wp\/v2\/types\/page"}],"author":[{"embeddable":true,"href":"https:\/\/www.antares-honfleur.com\/fr\/wp-json\/wp\/v2\/users\/8"}],"replies":[{"embeddable":true,"href":"https:\/\/www.antares-honfleur.com\/fr\/wp-json\/wp\/v2\/comments?post=13020"}],"version-history":[{"count":10,"href":"https:\/\/www.antares-honfleur.com\/fr\/wp-json\/wp\/v2\/pages\/13020\/revisions"}],"predecessor-version":[{"id":13037,"href":"https:\/\/www.antares-honfleur.com\/fr\/wp-json\/wp\/v2\/pages\/13020\/revisions\/13037"}],"wp:featuredmedia":[{"embeddable":true,"href":"https:\/\/www.antares-honfleur.com\/fr\/wp-json\/wp\/v2\/media\/11425"}],"wp:attachment":[{"href":"https:\/\/www.antares-honfleur.com\/fr\/wp-json\/wp\/v2\/media?parent=13020"}],"curies":[{"name":"wp","href":"https:\/\/api.w.org\/{rel}","templated":true}]}}