{"id":3,"date":"2021-10-23T11:54:00","date_gmt":"2021-10-23T11:54:00","guid":{"rendered":"https:\/\/hotel.site7.eu\/?page_id=3"},"modified":"2024-11-19T17:24:07","modified_gmt":"2024-11-19T16:24:07","slug":"mentions-legales","status":"publish","type":"page","link":"https:\/\/www.antares-honfleur.com\/fr\/mentions-legales\/","title":{"rendered":"Mentions l\u00e9gales"},"content":{"rendered":"\t\t<div data-elementor-type=\"wp-page\" data-elementor-id=\"3\" class=\"elementor elementor-3\" data-elementor-post-type=\"page\">\n\t\t\t\t\t\t<section data-dce-background-image-url=\"https:\/\/www.antares-honfleur.com\/wp-content\/uploads\/2022\/03\/Hotel-Antares-Honfleur-Hotel-3-etoiles.jpg\" class=\"elementor-section elementor-top-section elementor-element elementor-element-d91be50 elementor-section-full_width elementor-section-height-min-height elementor-section-height-default elementor-section-items-middle\" data-id=\"d91be50\" data-element_type=\"section\" data-e-type=\"section\" data-settings=\"{&quot;background_background&quot;:&quot;classic&quot;}\">\n\t\t\t\t\t\t\t<div class=\" elementor-background-overlay lazyelementorbackgroundimages \"><\/div>\n\t\t\t\t\t\t\t<div class=\"elementor-container elementor-column-gap-default\">\n\t\t\t\t\t<div class=\"elementor-column elementor-col-100 elementor-top-column elementor-element elementor-element-c8000e7\" data-id=\"c8000e7\" data-element_type=\"column\" data-e-type=\"column\">\n\t\t\t<div class=\"elementor-widget-wrap elementor-element-populated\">\n\t\t\t\t\t\t<div data-dce-title-color=\"#FFFFFF\" class=\"elementor-element elementor-element-3de8918 elementor-widget elementor-widget-heading\" data-id=\"3de8918\" data-element_type=\"widget\" data-e-type=\"widget\" data-widget_type=\"heading.default\">\n\t\t\t\t<div class=\"elementor-widget-container\">\n\t\t\t\t\t<h1 class=\"elementor-heading-title elementor-size-default\">Mentions l\u00e9gales<\/h1>\t\t\t\t<\/div>\n\t\t\t\t<\/div>\n\t\t\t\t\t<\/div>\n\t\t<\/div>\n\t\t\t\t\t<\/div>\n\t\t<\/section>\n\t\t\t\t<section class=\"elementor-section elementor-top-section elementor-element elementor-element-31a97493 elementor-section-boxed elementor-section-height-default elementor-section-height-default\" data-id=\"31a97493\" data-element_type=\"section\" data-e-type=\"section\">\n\t\t\t\t\t\t<div class=\"elementor-container elementor-column-gap-default\">\n\t\t\t\t\t<div class=\"elementor-column elementor-col-100 elementor-top-column elementor-element elementor-element-73a6e69a\" data-id=\"73a6e69a\" data-element_type=\"column\" data-e-type=\"column\">\n\t\t\t<div class=\"elementor-widget-wrap elementor-element-populated\">\n\t\t\t\t\t\t<div class=\"elementor-element elementor-element-8ecb7f7 elementor-widget elementor-widget-text-editor\" data-id=\"8ecb7f7\" data-element_type=\"widget\" data-e-type=\"widget\" id=\"title-contenu\" data-widget_type=\"text-editor.default\">\n\t\t\t\t<div class=\"elementor-widget-container\">\n\t\t\t\t\t\t\t\t\t<h2>Identification de l&rsquo;\u00e9diteur du site<\/h2>\n<strong>Soci\u00e9t\u00e9 :\u00a0<\/strong>H\u00f4tel ANTARES\n<strong>Si\u00e8ge social : <\/strong> CAR DES QUATRES FRANCS, 14600 LA RIVIERE-SAINT-SAUVEUR\n<strong>T\u00e9l\u00e9phone :\u00a0<\/strong>+33 (0)02 31 89 10 10\n<strong>Adresse \u00e9lectronique (Courriel) :\u00a0<\/strong>info@antares-honfleur.com\n<strong>SIRET : <\/strong>382 051 613 00018 &#8211; R.C.S LISIEUX\n<strong>Capital social : <\/strong>100 000.00 \u20ac\n<strong>Num\u00e9ro TVA Intracommunautaire : <\/strong>FR38382051613\n<strong>Directeur de la publication : <\/strong>Philippe ACKER\n<strong>Responsable l\u00e9gal : <\/strong>Philippe ACKER\n<h2>H\u00e9bergement et r\u00e9alisation du site<\/h2>\n<strong>Soci\u00e9t\u00e9 : <\/strong>Mixit7 &#8211; Agence Web\n<strong><strong>Si\u00e8ge social : <\/strong><\/strong>34 avenue des Champs Elys\u00e9es, 75008 Paris, France\n<strong>SIREN : <\/strong>842\u00a0652\u00a0547\n<strong><strong>T\u00e9l\u00e9phone : <\/strong><\/strong>+33 1 85 80 11 11\n<strong><strong>Adresse \u00e9lectronique (Courriel) : <\/strong><\/strong>hello@mixit7.com\n<strong>Site web : <span style=\"color: #a68446;\"><a style=\"color: #a68446;\" href=\"https:\/\/www.mixit7.com\/\" target=\"_blank\" rel=\"noopener\">www.mixit7.com<\/a><\/span><\/strong>\n<h2>Le contenu \u00e9ditorial<\/h2>\nLe Site propose un contenu \u00e9ditorial (h\u00f4tel, chambres&#8230;) dans un seul but documentaire et \u00e0 titre indicatif. Ce contenu doit \u00eatre pris comme des \u00e9l\u00e9ments de r\u00e9flexion. Les Utilisateurs sont invit\u00e9s par l&rsquo;\u00c9diteur \u00e0 exploiter ces informations avec un esprit critique et discernement.\n<h2>Liens hypertextes vers des sites tiers<\/h2>\nLe Site propose des liens hypertextes pointant vers des sites Internet \u00e9dit\u00e9s par des tiers. La mise en place de ces liens ne signifie pas l&rsquo;approbation par l&rsquo;\u00e9diteur du contenu des dits sites. L&rsquo;\u00c9diteur ne peut pas r\u00e9aliser en permanence un contr\u00f4le du contenu des dits sites, et ne peut donc garantir : l&rsquo;exactitude, la fiabilit\u00e9, la pertinence, la mise \u00e0 jour, ou l&rsquo;exhaustivit\u00e9 de leur contenu ; leur acc\u00e8s et bon fonctionnement technique. Par cons\u00e9quent, la responsabilit\u00e9 de l&rsquo;\u00c9diteur ne pourra \u00eatre retenue en cas d&rsquo;\u00e9ventuel litige entre un site r\u00e9f\u00e9renc\u00e9 sur le Site et un Utilisateur. Seule la responsabilit\u00e9 des \u00e9diteurs des sites r\u00e9f\u00e9renc\u00e9s sur le Site pourra \u00eatre engag\u00e9e.\n<h2>Propri\u00e9t\u00e9 intellectuelle<\/h2>\nLe site web de l&rsquo;h\u00f4tel et chacun de ses \u00e9l\u00e9ments sont la propri\u00e9t\u00e9 exclusive de l&rsquo;h\u00f4tel. Toute reproduction ou repr\u00e9sentation en tout ou partie du pr\u00e9sent site web ou de l\u2019un quelconque des \u00e9l\u00e9ments qui le composent, est interdite sauf autorisation pr\u00e9alable de l&rsquo;H\u00f4tel. De m\u00eame, les marques et noms de domaine qui apparaissent sur le site web de l&rsquo;h\u00f4tel sont la propri\u00e9t\u00e9 exclusive de l&rsquo;H\u00f4tel. Toute reproduction ou utilisation de ces marques ou noms de domaine de quelque mani\u00e8re et \u00e0 quelque titre que ce soit est interdite sans autorisation pr\u00e9alable. Un lien hypertexte vers le site web de l&rsquo;H\u00f4tel ne peut \u00eatre mis en place qu\u2019avec l\u2019autorisation \u00e9crite et pr\u00e9alable de l&rsquo;H\u00f4tel. En outre, l\u2019H\u00f4tel d\u00e9cline toute responsabilit\u00e9 relative au contenu des sites \u00e9ventuellement li\u00e9s au site web de l&rsquo;H\u00f4tel\u00a0 par un lien hypertexte.\n<h2>La s\u00e9curit\u00e9 des \u00e9changes<\/h2>\nL&rsquo;\u00c9diteur s&rsquo;engage \u00e0 prendre toutes les mesures juridiques et techniques pour s\u00e9curiser les \u00e9changes. \u00c0 ce titre, L&rsquo;\u00c9diteur s&rsquo;engage \u00e0 une obligation de moyen pour bloquer les d\u00e9tournements de donn\u00e9es, et \u00e0 respecter les r\u00e9glementations applicables. N\u00e9anmoins, les Utilisateurs du Site connaissent les particularit\u00e9s techniques du r\u00e9seau Internet et les risques aff\u00e9rents. Par cons\u00e9quent, L&rsquo;\u00c9diteur ne peut garantir \u00e0 ses Utilisateurs que les donn\u00e9es \u00e9chang\u00e9es via les services propos\u00e9s par le Site ne soient pas r\u00e9colt\u00e9es de fa\u00e7on frauduleuse par des tiers.\n<h2>La disponibilit\u00e9 des services<\/h2>\nL&rsquo;\u00c9diteur dispose d&rsquo;une obligation de moyens en terme d&rsquo;accessibilit\u00e9 de service et met en place les structures n\u00e9cessaires pour rendre le Site accessible 7 jours sur 7 et 24 heures sur 24. N\u00e9anmoins, L&rsquo;\u00c9diteur peut suspendre l&rsquo;acc\u00e8s sans pr\u00e9avis, notamment pour des raisons de maintenance et de mises \u00e0 niveau. L&rsquo;\u00c9diteur n&rsquo;est en aucun cas responsable des \u00e9ventuels pr\u00e9judices qui peuvent en d\u00e9couler pour l&rsquo;Utilisateur ou tout tiers. L&rsquo;\u00c9diteur peut \u00e0 tout moment supprimer tout ou partie de ses Services ou en modifier leurs teneurs notamment pour des raisons techniques, et cela, sans pr\u00e9avis. L&rsquo;\u00c9diteur se r\u00e9serve la facult\u00e9 de refuser, unilat\u00e9ralement et sans notification pr\u00e9alable, \u00e0 tout Utilisateur l&rsquo;acc\u00e8s \u00e0 tout ou partie du Site. Une telle d\u00e9cision pourrait notamment \u00eatre prise en cas de non-respect des termes du pr\u00e9sent texte par un Utilisateur.\n<h2>Collecte des donn\u00e9es :<\/h2>\nPour l\u2019ex\u00e9cution des prestations command\u00e9es, l&rsquo;H\u00f4tel est susceptible de collecter vos donn\u00e9es personnelles. Vous disposez d\u2019un droit d\u2019acc\u00e8s, de modification, de suppression et d\u2019opposition au traitement de vos donn\u00e9es personnelles et \u00e0 leur utilisation \u00e0 des fins de prospection. Toute question dans ce domaine, ainsi que les droits d&rsquo;opposition, d&rsquo;acc\u00e8s, de rectification et de suppression portant sur ces informations, s&rsquo;exerce aupr\u00e8s de l\u2019H\u00f4tel.\n<h2>Politique de confidentialit\u00e9 :<\/h2>\nLes utilisateurs sont invit\u00e9s \u00e0 consulter la page <span style=\"color: #a68446;\"><a style=\"color: #a68446;\" href=\"https:\/\/www.antares-honfleur.com\/fr\/politique-de-confidentialite\/\">\u00ab\u00a0Politique de confidentialit\u00e9\u00a0\u00bb<\/a><\/span>\n\nToute question dans ce domaine, ainsi que les droits d&rsquo;opposition, d&rsquo;acc\u00e8s, de rectification et de suppression portant sur ces informations, s&rsquo;exerce \u00e0 l&rsquo;adresse suivante :\nH\u00f4tel Antares Honfleur, Rue St Clair, 14600 La Rivi\u00e8re-Saint-Sauveur, France.\nT\u00e9l\u00e9phone : +33 (0)2 31 89 10 10\nAdresse \u00e9lectronique (Courriel) : <a href=\"mailto:info@antares-honfleur.com\"><span style=\"color: #a68446;\">info@antares-honfleur.com<\/span><\/a>\n<h2>Opposition au d\u00e9marchage t\u00e9l\u00e9phonique<\/h2>\nConform\u00e9ment \u00e0 l&rsquo;<strong>article L.223-1 du Code de la consommation<\/strong>, tout consommateur a la possibilit\u00e9 de s&rsquo;inscrire gratuitement sur la liste d&rsquo;opposition au d\u00e9marchage t\u00e9l\u00e9phonique BLOCTEL.\nPour plus d&rsquo;informations ou pour s&rsquo;inscrire, veuillez consulter le site officiel : <a href=\"https:\/\/www.bloctel.gouv.fr\" target=\"_blank\" rel=\"noopener\">www.bloctel.gouv.fr<\/a>.\nEn cas de collecte de votre num\u00e9ro de t\u00e9l\u00e9phone dans le cadre de nos activit\u00e9s, vous \u00eates inform\u00e9 de votre droit de vous opposer \u00e0 tout d\u00e9marchage t\u00e9l\u00e9phonique en vous inscrivant sur cette liste.\n\n<h2>Droit applicable<\/h2>\nLe pr\u00e9sent texte est soumis au droit fran\u00e7ais. L&rsquo;\u00c9diteur se r\u00e9serve le droit d&rsquo;en amender \u00e0 tout moment les termes, conditions et mentions d&rsquo;avertissement.\t\t\t\t\t\t\t\t<\/div>\n\t\t\t\t<\/div>\n\t\t\t\t\t<\/div>\n\t\t<\/div>\n\t\t\t\t\t<\/div>\n\t\t<\/section>\n\t\t\t\t<\/div>\n\t\t","protected":false},"excerpt":{"rendered":"<p>Mentions l\u00e9gales Identification de l&rsquo;\u00e9diteur du site Soci\u00e9t\u00e9 :\u00a0H\u00f4tel ANTARES Si\u00e8ge social : CAR DES QUATRES FRANCS, 14600 LA RIVIERE-SAINT-SAUVEUR T\u00e9l\u00e9phone :\u00a0+33 (0)02 31 89 10 10 Adresse \u00e9lectronique (Courriel) :\u00a0info@antares-honfleur.com SIRET : 382 051 613 00018 &#8211; R.C.S LISIEUX Capital social : 100 000.00 \u20ac Num\u00e9ro TVA Intracommunautaire : FR38382051613 Directeur de la publication [&hellip;]<\/p>\n","protected":false},"author":1,"featured_media":0,"parent":0,"menu_order":0,"comment_status":"closed","ping_status":"closed","template":"","meta":{"_acf_changed":false,"footnotes":""},"class_list":["post-3","page","type-page","status-publish","hentry"],"acf":[],"_links":{"self":[{"href":"https:\/\/www.antares-honfleur.com\/fr\/wp-json\/wp\/v2\/pages\/3","targetHints":{"allow":["GET"]}}],"collection":[{"href":"https:\/\/www.antares-honfleur.com\/fr\/wp-json\/wp\/v2\/pages"}],"about":[{"href":"https:\/\/www.antares-honfleur.com\/fr\/wp-json\/wp\/v2\/types\/page"}],"author":[{"embeddable":true,"href":"https:\/\/www.antares-honfleur.com\/fr\/wp-json\/wp\/v2\/users\/1"}],"replies":[{"embeddable":true,"href":"https:\/\/www.antares-honfleur.com\/fr\/wp-json\/wp\/v2\/comments?post=3"}],"version-history":[{"count":3,"href":"https:\/\/www.antares-honfleur.com\/fr\/wp-json\/wp\/v2\/pages\/3\/revisions"}],"predecessor-version":[{"id":12347,"href":"https:\/\/www.antares-honfleur.com\/fr\/wp-json\/wp\/v2\/pages\/3\/revisions\/12347"}],"wp:attachment":[{"href":"https:\/\/www.antares-honfleur.com\/fr\/wp-json\/wp\/v2\/media?parent=3"}],"curies":[{"name":"wp","href":"https:\/\/api.w.org\/{rel}","templated":true}]}}